{"id":47,"date":"2020-10-07T10:37:34","date_gmt":"2020-10-07T10:37:34","guid":{"rendered":"http:\/\/esenciasnaturales.es\/?page_id=47"},"modified":"2022-02-27T17:10:28","modified_gmt":"2022-02-27T17:10:28","slug":"esencias-naturales","status":"publish","type":"page","link":"https:\/\/esenciasnaturales.es\/?page_id=47","title":{"rendered":"Esencias naturales"},"content":{"rendered":"\n<h2 class=\"has-text-align-center has-large-font-size has-text-color wp-block-heading\" style=\"color:#58498d\">Esencias naturales<\/h2>\n\n\n\n<p class=\"has-text-align-center\"><strong>Elaboramos aceites esenciales naturales y puros, <\/strong>extra\u00eddos de nuestras plantaciones ubicadas en diferentes lugares de las monta\u00f1as de interior noroeste de la Regi\u00f3n de Murcia, as\u00ed como de zonas colindantes de Granada. <\/p>\n\n\n\n<p>Las altitudes est\u00e1n comprendidas entre los 1000 \u2013 1400 metros sobre el nivel del mar. As\u00ed que, debido a estas altitudes, estos aceites esenciales naturales y puros, tienen unas calidades bastante interesantes para los diferentes usos en distintos \u00e1mbitos de transformaci\u00f3n\/elaboraci\u00f3n.<\/p>\n\n\n\n<p><\/p>\n\n\n\n<p>Importante saber que, como aceite natural y puro, los quimiotipos nunca suelen ser iguales (o planos) de un a\u00f1o a otro, ya que cada a\u00f1o hay factores y\/o condiciones diferentes que hacen que las plantas tengan adaptaciones ambientales diferentes (edad de la planta, sequ\u00eda, lluvia, temperaturas, edafolog\u00eda, radiaci\u00f3n solar,\u2026..<\/p>\n\n\n\n<p class=\"has-text-align-center\"><strong> <\/strong><\/p>\n\n\n\n<h2 class=\"wp-block-heading\">L\u00cdNEA ACEITES ESENCIALES PUROS Y NATURALES<\/h2>\n\n\n\n<p>En cuanto a los aceites esenciales o esencias naturales podemos ofrecerle los siguientes productos:<\/p>\n\n\n\n<ul class=\"wp-block-list\"><li>ACEITE ESENCIAL DE OR\u00c9GANO (<em>Or\u00edganum vulgare<\/em>)<\/li><li>ACEITE ESENCIAL DE ESPLIEGO (<em>Lavandula latifolia<\/em>)<\/li><li>ACEITE ESENCIAL DE LAVANDA FINA (<em>Lavandula angustifolia<\/em>).<\/li><li>ACEITE ESENCIAL DE LAVANDA MATHERONNE (variedad de&nbsp;<em>Lavandula angustifolia<\/em>)<\/li><li>ACEITE ESENCIAL DE LAVANDA MAILLETTE (variedad de&nbsp;<em>Lavandula angustifolia<\/em>)<\/li><li>ACEITE ESENCIAL DE SALVIA ESPA\u00d1OLA (<em>Salvia lavandulifolia<\/em>)<\/li><li>ACEITE ESENCIAL DE MEJORANA (<em>Thymus mastichina<\/em>)<\/li><li>ACEITE ESENCIAL DE LAVAND\u00cdN GROSSO (<em>Lavandula hybrida<\/em>&nbsp;variedad grosso)<\/li><li>ACEITE ESENCIAL DE LAVAND\u00cdN ABRIAL (<em>Lavandula hybrida<\/em>&nbsp;variedad abrial)<\/li><li>ACEITE ESENCIAL DE LAVAND\u00cdN S\u00daPER (<em>Lavandula hybrida<\/em>&nbsp;variedad super)<\/li><\/ul>\n\n\n\n<figure class=\"wp-block-image size-large\"><img loading=\"lazy\" decoding=\"async\" width=\"1024\" height=\"578\" src=\"https:\/\/esenciasnaturales.es\/wp-content\/uploads\/2020\/11\/5ee9d14a4b5bb108feda8460962f367a1d22dfe3535572487c2d7fd6_1920-1024x578.jpg\" alt=\"\" class=\"wp-image-157\" srcset=\"https:\/\/esenciasnaturales.es\/wp-content\/uploads\/2020\/11\/5ee9d14a4b5bb108feda8460962f367a1d22dfe3535572487c2d7fd6_1920-1024x578.jpg 1024w, https:\/\/esenciasnaturales.es\/wp-content\/uploads\/2020\/11\/5ee9d14a4b5bb108feda8460962f367a1d22dfe3535572487c2d7fd6_1920-300x169.jpg 300w, https:\/\/esenciasnaturales.es\/wp-content\/uploads\/2020\/11\/5ee9d14a4b5bb108feda8460962f367a1d22dfe3535572487c2d7fd6_1920-768x433.jpg 768w, https:\/\/esenciasnaturales.es\/wp-content\/uploads\/2020\/11\/5ee9d14a4b5bb108feda8460962f367a1d22dfe3535572487c2d7fd6_1920-1536x866.jpg 1536w, https:\/\/esenciasnaturales.es\/wp-content\/uploads\/2020\/11\/5ee9d14a4b5bb108feda8460962f367a1d22dfe3535572487c2d7fd6_1920-106x60.jpg 106w, https:\/\/esenciasnaturales.es\/wp-content\/uploads\/2020\/11\/5ee9d14a4b5bb108feda8460962f367a1d22dfe3535572487c2d7fd6_1920-840x473.jpg 840w, https:\/\/esenciasnaturales.es\/wp-content\/uploads\/2020\/11\/5ee9d14a4b5bb108feda8460962f367a1d22dfe3535572487c2d7fd6_1920.jpg 1920w\" sizes=\"auto, (max-width: 1024px) 100vw, 1024px\" \/><\/figure>\n\n\n\n<h2 class=\"wp-block-heading\">LIGNE D\u2019HUILES ESSENTIELLES PURES ET NATURELLES<\/h2>\n\n\n\n<p>Concernant les huiles essentielles ou les essences naturelles nous pouvons vous proposer les produits suivants:<\/p>\n\n\n\n<ul class=\"wp-block-list\"><li>HUILE ESSENTIELLE D\u2019ORIGAN (Or\u00edganum vulgare)<\/li><li>HUILE ESSENTIELLE DE LAVANDE ASPIC (Lavandula latifolia)<\/li><li>HUILE ESSENTIELLE DE LAVANDE FINE (Lavandula angustifolia).<\/li><li>HUILE ESSENTIELLE DE LAVANDE MATHERONNE (vari\u00e9t\u00e9 de Lavandula angustifolia)<\/li><li>HUILE ESSENTIELLE DE LAVANDE MAILLETTE (vari\u00e9t\u00e9 de Lavandula angustifolia)<\/li><li>HUILE ESSENTIELLE DE SAUGE ESPAGNOLE (Salvia lavandulifolia)<\/li><li>HUILE ESSENTIELLE DE MARJOLAINE D\u2019ESPAGNE (Thymus mastichina)<\/li><li>HUILE ESSENTIELLE DE LAVAND\u00cdN GROSSO (Lavandula hybrida vari\u00e9t\u00e9 grosso)<\/li><li>HUILE ESSENTIELLE DE LAVAND\u00cdN ABRIAL (Lavandula hybrida vari\u00e9t\u00e9 abrial)<\/li><li>HUILE ESSENTIELLE DE SUPER LAVANDIN (Lavandula hybrida vari\u00e9t\u00e9 super)<\/li><\/ul>\n\n\n\n<h2 class=\"wp-block-heading\">PURE AND NATURAL ESSENTIAL OILS LINE<\/h2>\n\n\n\n<p>We offer the following essential oils or natural essences:<\/p>\n\n\n\n<ul class=\"wp-block-list\"><li>ESSENTIAL OIL OF OREGANO (Or\u00edganum vulgare)<\/li><li>ESSENTIAL OIL OF SPIKE LAVENDER (Lavandula latifolia)<\/li><li>ESSENTIAL OIL OF FINE LAVENDER (Lavandula angustifolia).<\/li><li>ESSENTIAL OIL OF LAVENDER MATHERONNE (variety of Lavandula angustifolia)<\/li><li>ESSENTIAL OIL OF LAVENDER MAILLETTE (variety of Lavandula angustifolia)<\/li><li>ESSENTIAL OIL OF SPANISH SAGE (Salvia lavandulifolia)<\/li><li>ESSENTIAL OIL OF SPANISH MARJORAN (Thymus mastichina)<\/li><li>ESSENTIAL OIL OF LAVANDIN GROSSO (Lavandula hybrida variety grosso)<\/li><li>ESSENTIAL OIL OF LAVANDIN ABRIAL (Lavandula hybrida variety abrial)<\/li><li>ESSENTIAL OIL OF LAVANDIN SUPER (Lavandula hybrida variety super)<\/li><\/ul>\n\n\n\n<p><br><\/p>\n","protected":false},"excerpt":{"rendered":"<p>Esencias naturales Elaboramos aceites esenciales naturales y puros, extra\u00eddos de nuestras plantaciones ubicadas en diferentes lugares de las monta\u00f1as de interior noroeste de la Regi\u00f3n de Murcia, as\u00ed como de zonas colindantes de Granada. Las altitudes est\u00e1n comprendidas entre los 1000 \u2013 1400 metros sobre el nivel del mar. As\u00ed que, debido a estas altitudes, [&hellip;]<\/p>\n","protected":false},"author":1,"featured_media":25,"parent":0,"menu_order":0,"comment_status":"closed","ping_status":"closed","template":"","meta":{"material-hide-sections":{"title":true},"footnotes":""},"class_list":["post-47","page","type-page","status-publish","has-post-thumbnail","hentry"],"yoast_head":"<!-- This site is optimized with the Yoast SEO plugin v15.8 - https:\/\/yoast.com\/wordpress\/plugins\/seo\/ -->\n<title>Esencias naturales - Alarc\u00f3n: esencias naturales<\/title>\n<meta name=\"description\" content=\"Elaboramos esencias naturales a trav\u00e9s de aceites naturales y puros, extra\u00eddos de las monta\u00f1as de interior noroeste de la Regi\u00f3n de Murcia.\" \/>\n<meta name=\"robots\" content=\"index, follow, max-snippet:-1, max-image-preview:large, max-video-preview:-1\" \/>\n<link rel=\"canonical\" href=\"https:\/\/esenciasnaturales.es\/?page_id=47\" \/>\n<meta property=\"og:locale\" content=\"es_ES\" \/>\n<meta property=\"og:type\" content=\"article\" \/>\n<meta property=\"og:title\" content=\"Esencias naturales - Alarc\u00f3n: esencias naturales\" \/>\n<meta property=\"og:description\" content=\"Elaboramos esencias naturales a trav\u00e9s de aceites naturales y puros, extra\u00eddos de las monta\u00f1as de interior noroeste de la Regi\u00f3n de Murcia.\" \/>\n<meta property=\"og:url\" content=\"https:\/\/esenciasnaturales.es\/?page_id=47\" \/>\n<meta property=\"og:site_name\" content=\"Alarc\u00f3n: esencias naturales\" \/>\n<meta property=\"article:publisher\" content=\"https:\/\/www.facebook.com\/Alarc%c3%b3n-Arom%c3%a1ticas-102590561647849\/\" \/>\n<meta property=\"article:modified_time\" content=\"2022-02-27T17:10:28+00:00\" \/>\n<meta property=\"og:image\" content=\"https:\/\/esenciasnaturales.es\/wp-content\/uploads\/2020\/10\/SIEGA-LAVANDIN-scaled.jpg\" \/>\n\t<meta property=\"og:image:width\" content=\"2560\" \/>\n\t<meta property=\"og:image:height\" content=\"1707\" \/>\n<meta name=\"twitter:card\" content=\"summary_large_image\" \/>\n<meta name=\"twitter:label1\" content=\"Tiempo de lectura\">\n\t<meta name=\"twitter:data1\" content=\"3 minutos\">\n<script type=\"application\/ld+json\" class=\"yoast-schema-graph\">{\"@context\":\"https:\/\/schema.org\",\"@graph\":[{\"@type\":\"Organization\",\"@id\":\"https:\/\/esenciasnaturales.es\/#organization\",\"name\":\"Alarc\\u00f3n: esencias naturales\",\"url\":\"https:\/\/esenciasnaturales.es\/\",\"sameAs\":[\"https:\/\/www.facebook.com\/Alarc\\u00f3n-Arom\\u00e1ticas-102590561647849\/\",\"https:\/\/instagram.com\/alarcon_aromaticasyderivados\"],\"logo\":{\"@type\":\"ImageObject\",\"@id\":\"https:\/\/esenciasnaturales.es\/#logo\",\"inLanguage\":\"es\",\"url\":\"https:\/\/esenciasnaturales.es\/wp-content\/uploads\/2021\/07\/cropped-cropped-cropped-Recurso-3-1.png\",\"width\":586,\"height\":292,\"caption\":\"Alarc\\u00f3n: esencias naturales\"},\"image\":{\"@id\":\"https:\/\/esenciasnaturales.es\/#logo\"}},{\"@type\":\"WebSite\",\"@id\":\"https:\/\/esenciasnaturales.es\/#website\",\"url\":\"https:\/\/esenciasnaturales.es\/\",\"name\":\"Alarc\\u00f3n: esencias naturales\",\"description\":\"Aceites naturales esenciales y puros extra\\u00eddos en Murcia y Granada\",\"publisher\":{\"@id\":\"https:\/\/esenciasnaturales.es\/#organization\"},\"potentialAction\":[{\"@type\":\"SearchAction\",\"target\":\"https:\/\/esenciasnaturales.es\/?s={search_term_string}\",\"query-input\":\"required name=search_term_string\"}],\"inLanguage\":\"es\"},{\"@type\":\"ImageObject\",\"@id\":\"https:\/\/esenciasnaturales.es\/?page_id=47#primaryimage\",\"inLanguage\":\"es\",\"url\":\"https:\/\/esenciasnaturales.es\/wp-content\/uploads\/2020\/10\/SIEGA-LAVANDIN-scaled.jpg\",\"width\":2560,\"height\":1707},{\"@type\":\"WebPage\",\"@id\":\"https:\/\/esenciasnaturales.es\/?page_id=47#webpage\",\"url\":\"https:\/\/esenciasnaturales.es\/?page_id=47\",\"name\":\"Esencias naturales - Alarc\\u00f3n: esencias naturales\",\"isPartOf\":{\"@id\":\"https:\/\/esenciasnaturales.es\/#website\"},\"primaryImageOfPage\":{\"@id\":\"https:\/\/esenciasnaturales.es\/?page_id=47#primaryimage\"},\"datePublished\":\"2020-10-07T10:37:34+00:00\",\"dateModified\":\"2022-02-27T17:10:28+00:00\",\"description\":\"Elaboramos esencias naturales a trav\\u00e9s de aceites naturales y puros, extra\\u00eddos de las monta\\u00f1as de interior noroeste de la Regi\\u00f3n de Murcia.\",\"breadcrumb\":{\"@id\":\"https:\/\/esenciasnaturales.es\/?page_id=47#breadcrumb\"},\"inLanguage\":\"es\",\"potentialAction\":[{\"@type\":\"ReadAction\",\"target\":[\"https:\/\/esenciasnaturales.es\/?page_id=47\"]}]},{\"@type\":\"BreadcrumbList\",\"@id\":\"https:\/\/esenciasnaturales.es\/?page_id=47#breadcrumb\",\"itemListElement\":[{\"@type\":\"ListItem\",\"position\":1,\"item\":{\"@type\":\"WebPage\",\"@id\":\"https:\/\/esenciasnaturales.es\/\",\"url\":\"https:\/\/esenciasnaturales.es\/\",\"name\":\"Portada\"}},{\"@type\":\"ListItem\",\"position\":2,\"item\":{\"@type\":\"WebPage\",\"@id\":\"https:\/\/esenciasnaturales.es\/?page_id=47\",\"url\":\"https:\/\/esenciasnaturales.es\/?page_id=47\",\"name\":\"Esencias naturales\"}}]}]}<\/script>\n<!-- \/ Yoast SEO plugin. -->","_links":{"self":[{"href":"https:\/\/esenciasnaturales.es\/index.php?rest_route=\/wp\/v2\/pages\/47","targetHints":{"allow":["GET"]}}],"collection":[{"href":"https:\/\/esenciasnaturales.es\/index.php?rest_route=\/wp\/v2\/pages"}],"about":[{"href":"https:\/\/esenciasnaturales.es\/index.php?rest_route=\/wp\/v2\/types\/page"}],"author":[{"embeddable":true,"href":"https:\/\/esenciasnaturales.es\/index.php?rest_route=\/wp\/v2\/users\/1"}],"replies":[{"embeddable":true,"href":"https:\/\/esenciasnaturales.es\/index.php?rest_route=%2Fwp%2Fv2%2Fcomments&post=47"}],"version-history":[{"count":25,"href":"https:\/\/esenciasnaturales.es\/index.php?rest_route=\/wp\/v2\/pages\/47\/revisions"}],"predecessor-version":[{"id":753,"href":"https:\/\/esenciasnaturales.es\/index.php?rest_route=\/wp\/v2\/pages\/47\/revisions\/753"}],"wp:featuredmedia":[{"embeddable":true,"href":"https:\/\/esenciasnaturales.es\/index.php?rest_route=\/wp\/v2\/media\/25"}],"wp:attachment":[{"href":"https:\/\/esenciasnaturales.es\/index.php?rest_route=%2Fwp%2Fv2%2Fmedia&parent=47"}],"curies":[{"name":"wp","href":"https:\/\/api.w.org\/{rel}","templated":true}]}}