{"id":49,"date":"2020-10-07T10:37:34","date_gmt":"2020-10-07T10:37:34","guid":{"rendered":"http:\/\/esenciasnaturales.es\/?page_id=49"},"modified":"2021-08-03T12:39:26","modified_gmt":"2021-08-03T12:39:26","slug":"contacto","status":"publish","type":"page","link":"https:\/\/esenciasnaturales.es\/?page_id=49","title":{"rendered":"Contacto"},"content":{"rendered":"\n<p>Nos encontramos en el municipio de Caravaca de la Cruz (Regi\u00f3n de Murcia)<\/p>\n\n\n\n<p>Rellena el formulario para dejarnos su mensaje (nombre, mail, asunto, mensaje) o si lo prefiere escriba a la siguiente direcci\u00f3n de correo electr\u00f3nico: aad@esenciasnaturales.es<\/p>\n\n\n\n<div class=\"wp-block-group\"><div class=\"wp-block-group__inner-container is-layout-flow wp-block-group-is-layout-flow\">\n<div class=\"wp-block-contact-form-7-contact-form-selector\">\n<div class=\"wpcf7 no-js\" id=\"wpcf7-f229-o1\" lang=\"es-ES\" dir=\"ltr\" data-wpcf7-id=\"229\">\n<div class=\"screen-reader-response\"><p role=\"status\" aria-live=\"polite\" aria-atomic=\"true\"><\/p> <ul><\/ul><\/div>\n<form action=\"\/index.php?rest_route=%2Fwp%2Fv2%2Fpages%2F49#wpcf7-f229-o1\" method=\"post\" class=\"wpcf7-form init\" aria-label=\"Formulario de contacto\" novalidate=\"novalidate\" data-status=\"init\">\n<fieldset class=\"hidden-fields-container\"><input type=\"hidden\" name=\"_wpcf7\" value=\"229\" \/><input type=\"hidden\" name=\"_wpcf7_version\" value=\"6.1.5\" \/><input type=\"hidden\" name=\"_wpcf7_locale\" value=\"es_ES\" \/><input type=\"hidden\" name=\"_wpcf7_unit_tag\" value=\"wpcf7-f229-o1\" \/><input type=\"hidden\" name=\"_wpcf7_container_post\" value=\"0\" \/><input type=\"hidden\" name=\"_wpcf7_posted_data_hash\" value=\"\" \/>\n<\/fieldset>\n<p><label> Tu nombre<br \/>\n<span class=\"wpcf7-form-control-wrap\" data-name=\"your-name\"><input size=\"40\" maxlength=\"400\" class=\"wpcf7-form-control wpcf7-text wpcf7-validates-as-required\" aria-required=\"true\" aria-invalid=\"false\" value=\"\" type=\"text\" name=\"your-name\" \/><\/span> <\/label>\n<\/p>\n<p><label> Tu correo electr\u00f3nico<br \/>\n<span class=\"wpcf7-form-control-wrap\" data-name=\"your-email\"><input size=\"40\" maxlength=\"400\" class=\"wpcf7-form-control wpcf7-email wpcf7-validates-as-required wpcf7-text wpcf7-validates-as-email\" aria-required=\"true\" aria-invalid=\"false\" value=\"\" type=\"email\" name=\"your-email\" \/><\/span> <\/label>\n<\/p>\n<p><label> Asunto<br \/>\n<span class=\"wpcf7-form-control-wrap\" data-name=\"your-subject\"><input size=\"40\" maxlength=\"400\" class=\"wpcf7-form-control wpcf7-text wpcf7-validates-as-required\" aria-required=\"true\" aria-invalid=\"false\" value=\"\" type=\"text\" name=\"your-subject\" \/><\/span> <\/label>\n<\/p>\n<p><label> Tu mensaje (opcional)<br \/>\n<span class=\"wpcf7-form-control-wrap\" data-name=\"your-message\"><textarea cols=\"40\" rows=\"10\" maxlength=\"2000\" class=\"wpcf7-form-control wpcf7-textarea\" aria-invalid=\"false\" name=\"your-message\"><\/textarea><\/span> <\/label>\n<\/p>\n<p><input class=\"wpcf7-form-control wpcf7-submit has-spinner\" type=\"submit\" value=\"Enviar\" \/>\n<\/p><p style=\"display: none !important;\" class=\"akismet-fields-container\" data-prefix=\"_wpcf7_ak_\"><label>&#916;<textarea name=\"_wpcf7_ak_hp_textarea\" cols=\"45\" rows=\"8\" maxlength=\"100\"><\/textarea><\/label><input type=\"hidden\" id=\"ak_js_1\" name=\"_wpcf7_ak_js\" value=\"52\"\/><script type=\"text\/javascript\">\n\/* <![CDATA[ *\/\ndocument.getElementById( \"ak_js_1\" ).setAttribute( \"value\", ( new Date() ).getTime() );\n\/* ]]> *\/\n<\/script>\n<\/p><div class=\"wpcf7-response-output\" aria-hidden=\"true\"><\/div>\n<\/form>\n<\/div>\n<\/div>\n<\/div><\/div>\n\n\n\n<p>Porque usted es importante para nosotros, le contestaremos lo m\u00e1s pronto posible a sus dudas y mensajes.<\/p>\n\n\n\n<p>We are in the municipality of Caravaca de la Cruz (Region of Murcia).<br>Please fill in the form to leave us a message (name, email, subject, message) or if you prefer, write to the following email address: aad@esenciasnaturales.es<\/p>\n\n\n\n<p> Because you are important to us, we will answer your questions and messages as soon as possible.<\/p>\n\n\n\n<p>Nous sommes dans la municipalit\u00e9 de Caravaca de la Cruz (R\u00e9gion de Murcie)<\/p>\n\n\n\n<p>Remplissez le formulaire pour nous laisser votre message (nom, email, sujet, message) ou si vous pr\u00e9f\u00e9rez \u00e9crire \u00e0 l&#8217;adresse email suivante: add@esenciasnaturales.es<\/p>\n\n\n\n<p> Parce que vous \u00eates important pour nous, nous r\u00e9pondrons \u00e0 vos questions et messages dans les plus brefs d\u00e9lais.<\/p>\n","protected":false},"excerpt":{"rendered":"<p>Nos encontramos en el municipio de Caravaca de la Cruz (Regi\u00f3n de Murcia) Rellena el formulario para dejarnos su mensaje (nombre, mail, asunto, mensaje) o si lo prefiere escriba a la siguiente direcci\u00f3n de correo electr\u00f3nico: aad@esenciasnaturales.es Porque usted es importante para nosotros, le contestaremos lo m\u00e1s pronto posible a sus dudas y mensajes. We [&hellip;]<\/p>\n","protected":false},"author":1,"featured_media":0,"parent":0,"menu_order":0,"comment_status":"closed","ping_status":"closed","template":"","meta":{"material-hide-sections":[],"footnotes":""},"class_list":["post-49","page","type-page","status-publish","hentry"],"yoast_head":"<!-- This site is optimized with the Yoast SEO plugin v15.8 - https:\/\/yoast.com\/wordpress\/plugins\/seo\/ -->\n<title>Contacto - Alarc\u00f3n: esencias naturales<\/title>\n<meta name=\"robots\" content=\"index, follow, max-snippet:-1, max-image-preview:large, max-video-preview:-1\" \/>\n<link rel=\"canonical\" href=\"https:\/\/esenciasnaturales.es\/?page_id=49\" \/>\n<meta property=\"og:locale\" content=\"es_ES\" \/>\n<meta property=\"og:type\" content=\"article\" \/>\n<meta property=\"og:title\" content=\"Contacto - Alarc\u00f3n: esencias naturales\" \/>\n<meta property=\"og:description\" content=\"Nos encontramos en el municipio de Caravaca de la Cruz (Regi\u00f3n de Murcia) Rellena el formulario para dejarnos su mensaje (nombre, mail, asunto, mensaje) o si lo prefiere escriba a la siguiente direcci\u00f3n de correo electr\u00f3nico: aad@esenciasnaturales.es Porque usted es importante para nosotros, le contestaremos lo m\u00e1s pronto posible a sus dudas y mensajes. We [&hellip;]\" \/>\n<meta property=\"og:url\" content=\"https:\/\/esenciasnaturales.es\/?page_id=49\" \/>\n<meta property=\"og:site_name\" content=\"Alarc\u00f3n: esencias naturales\" \/>\n<meta property=\"article:publisher\" content=\"https:\/\/www.facebook.com\/Alarc%c3%b3n-Arom%c3%a1ticas-102590561647849\/\" \/>\n<meta property=\"article:modified_time\" content=\"2021-08-03T12:39:26+00:00\" \/>\n<meta name=\"twitter:card\" content=\"summary_large_image\" \/>\n<meta name=\"twitter:label1\" content=\"Tiempo de lectura\">\n\t<meta name=\"twitter:data1\" content=\"1 minuto\">\n<script type=\"application\/ld+json\" class=\"yoast-schema-graph\">{\"@context\":\"https:\/\/schema.org\",\"@graph\":[{\"@type\":\"Organization\",\"@id\":\"https:\/\/esenciasnaturales.es\/#organization\",\"name\":\"Alarc\\u00f3n: esencias naturales\",\"url\":\"https:\/\/esenciasnaturales.es\/\",\"sameAs\":[\"https:\/\/www.facebook.com\/Alarc\\u00f3n-Arom\\u00e1ticas-102590561647849\/\",\"https:\/\/instagram.com\/alarcon_aromaticasyderivados\"],\"logo\":{\"@type\":\"ImageObject\",\"@id\":\"https:\/\/esenciasnaturales.es\/#logo\",\"inLanguage\":\"es\",\"url\":\"https:\/\/esenciasnaturales.es\/wp-content\/uploads\/2021\/07\/cropped-cropped-cropped-Recurso-3-1.png\",\"width\":586,\"height\":292,\"caption\":\"Alarc\\u00f3n: esencias naturales\"},\"image\":{\"@id\":\"https:\/\/esenciasnaturales.es\/#logo\"}},{\"@type\":\"WebSite\",\"@id\":\"https:\/\/esenciasnaturales.es\/#website\",\"url\":\"https:\/\/esenciasnaturales.es\/\",\"name\":\"Alarc\\u00f3n: esencias naturales\",\"description\":\"Aceites naturales esenciales y puros extra\\u00eddos en Murcia y Granada\",\"publisher\":{\"@id\":\"https:\/\/esenciasnaturales.es\/#organization\"},\"potentialAction\":[{\"@type\":\"SearchAction\",\"target\":\"https:\/\/esenciasnaturales.es\/?s={search_term_string}\",\"query-input\":\"required name=search_term_string\"}],\"inLanguage\":\"es\"},{\"@type\":\"WebPage\",\"@id\":\"https:\/\/esenciasnaturales.es\/?page_id=49#webpage\",\"url\":\"https:\/\/esenciasnaturales.es\/?page_id=49\",\"name\":\"Contacto - Alarc\\u00f3n: esencias naturales\",\"isPartOf\":{\"@id\":\"https:\/\/esenciasnaturales.es\/#website\"},\"datePublished\":\"2020-10-07T10:37:34+00:00\",\"dateModified\":\"2021-08-03T12:39:26+00:00\",\"breadcrumb\":{\"@id\":\"https:\/\/esenciasnaturales.es\/?page_id=49#breadcrumb\"},\"inLanguage\":\"es\",\"potentialAction\":[{\"@type\":\"ReadAction\",\"target\":[\"https:\/\/esenciasnaturales.es\/?page_id=49\"]}]},{\"@type\":\"BreadcrumbList\",\"@id\":\"https:\/\/esenciasnaturales.es\/?page_id=49#breadcrumb\",\"itemListElement\":[{\"@type\":\"ListItem\",\"position\":1,\"item\":{\"@type\":\"WebPage\",\"@id\":\"https:\/\/esenciasnaturales.es\/\",\"url\":\"https:\/\/esenciasnaturales.es\/\",\"name\":\"Portada\"}},{\"@type\":\"ListItem\",\"position\":2,\"item\":{\"@type\":\"WebPage\",\"@id\":\"https:\/\/esenciasnaturales.es\/?page_id=49\",\"url\":\"https:\/\/esenciasnaturales.es\/?page_id=49\",\"name\":\"Contacto\"}}]}]}<\/script>\n<!-- \/ Yoast SEO plugin. -->","_links":{"self":[{"href":"https:\/\/esenciasnaturales.es\/index.php?rest_route=\/wp\/v2\/pages\/49","targetHints":{"allow":["GET"]}}],"collection":[{"href":"https:\/\/esenciasnaturales.es\/index.php?rest_route=\/wp\/v2\/pages"}],"about":[{"href":"https:\/\/esenciasnaturales.es\/index.php?rest_route=\/wp\/v2\/types\/page"}],"author":[{"embeddable":true,"href":"https:\/\/esenciasnaturales.es\/index.php?rest_route=\/wp\/v2\/users\/1"}],"replies":[{"embeddable":true,"href":"https:\/\/esenciasnaturales.es\/index.php?rest_route=%2Fwp%2Fv2%2Fcomments&post=49"}],"version-history":[{"count":10,"href":"https:\/\/esenciasnaturales.es\/index.php?rest_route=\/wp\/v2\/pages\/49\/revisions"}],"predecessor-version":[{"id":585,"href":"https:\/\/esenciasnaturales.es\/index.php?rest_route=\/wp\/v2\/pages\/49\/revisions\/585"}],"wp:attachment":[{"href":"https:\/\/esenciasnaturales.es\/index.php?rest_route=%2Fwp%2Fv2%2Fmedia&parent=49"}],"curies":[{"name":"wp","href":"https:\/\/api.w.org\/{rel}","templated":true}]}}